{"id":8345,"date":"2025-05-24T20:31:24","date_gmt":"2025-05-24T20:31:24","guid":{"rendered":"https:\/\/newsite.malinalitravel.com\/?page_id=8345"},"modified":"2025-05-28T07:55:34","modified_gmt":"2025-05-28T07:55:34","slug":"day-tour","status":"publish","type":"page","link":"https:\/\/newsite.malinalitravel.com\/en\/day-tour\/","title":{"rendered":"Day tour"},"content":{"rendered":"<div data-elementor-type=\"wp-page\" data-elementor-id=\"8345\" class=\"elementor elementor-8345\" data-elementor-post-type=\"page\">\n\t\t\t\t\t\t<section class=\"elementor-section elementor-top-section elementor-element elementor-element-5bbd074 elementor-section-boxed elementor-section-height-default elementor-section-height-default\" data-id=\"5bbd074\" data-element_type=\"section\" data-settings=\"{&quot;jet_parallax_layout_list&quot;:[{&quot;jet_parallax_layout_image&quot;:{&quot;url&quot;:&quot;&quot;,&quot;id&quot;:&quot;&quot;,&quot;size&quot;:&quot;&quot;},&quot;_id&quot;:&quot;458a38c&quot;,&quot;jet_parallax_layout_image_tablet&quot;:{&quot;url&quot;:&quot;&quot;,&quot;id&quot;:&quot;&quot;,&quot;size&quot;:&quot;&quot;},&quot;jet_parallax_layout_image_mobile&quot;:{&quot;url&quot;:&quot;&quot;,&quot;id&quot;:&quot;&quot;,&quot;size&quot;:&quot;&quot;},&quot;jet_parallax_layout_speed&quot;:{&quot;unit&quot;:&quot;%&quot;,&quot;size&quot;:50,&quot;sizes&quot;:[]},&quot;jet_parallax_layout_type&quot;:&quot;scroll&quot;,&quot;jet_parallax_layout_direction&quot;:null,&quot;jet_parallax_layout_fx_direction&quot;:null,&quot;jet_parallax_layout_z_index&quot;:&quot;&quot;,&quot;jet_parallax_layout_bg_x&quot;:50,&quot;jet_parallax_layout_bg_x_tablet&quot;:&quot;&quot;,&quot;jet_parallax_layout_bg_x_mobile&quot;:&quot;&quot;,&quot;jet_parallax_layout_bg_y&quot;:50,&quot;jet_parallax_layout_bg_y_tablet&quot;:&quot;&quot;,&quot;jet_parallax_layout_bg_y_mobile&quot;:&quot;&quot;,&quot;jet_parallax_layout_bg_size&quot;:&quot;auto&quot;,&quot;jet_parallax_layout_bg_size_tablet&quot;:&quot;&quot;,&quot;jet_parallax_layout_bg_size_mobile&quot;:&quot;&quot;,&quot;jet_parallax_layout_animation_prop&quot;:&quot;transform&quot;,&quot;jet_parallax_layout_on&quot;:[&quot;desktop&quot;,&quot;tablet&quot;]}],&quot;background_background&quot;:&quot;classic&quot;}\">\n\t\t\t\t\t\t<div class=\"elementor-container elementor-column-gap-default\">\n\t\t\t\t\t<div class=\"elementor-column elementor-col-100 elementor-top-column elementor-element elementor-element-9822c4b\" data-id=\"9822c4b\" data-element_type=\"column\">\n\t\t\t<div class=\"elementor-widget-wrap elementor-element-populated\">\n\t\t\t\t\t\t<div class=\"elementor-element elementor-element-6f295d5 elementor-widget__width-initial elementor-widget elementor-widget-heading\" data-id=\"6f295d5\" data-element_type=\"widget\" data-widget_type=\"heading.default\">\n\t\t\t\t<div class=\"elementor-widget-container\">\n\t\t\t\t\t<h1 class=\"elementor-heading-title elementor-size-default\">DAY TOUR<\/h1>\t\t\t\t<\/div>\n\t\t\t\t<\/div>\n\t\t\t\t<div class=\"elementor-element elementor-element-4a27ff7 elementor-widget__width-initial elementor-widget elementor-widget-text-editor\" data-id=\"4a27ff7\" data-element_type=\"widget\" data-widget_type=\"text-editor.default\">\n\t\t\t\t<div class=\"elementor-widget-container\">\n\t\t\t\t\t\t\t\t\t<p><strong><em>Tours de un d\u00eda,<br \/>Experiencias bioculturales en Chiapas.<br \/><\/em><\/strong><\/p>\t\t\t\t\t\t\t\t<\/div>\n\t\t\t\t<\/div>\n\t\t\t\t\t<\/div>\n\t\t<\/div>\n\t\t\t\t\t<\/div>\n\t\t<\/section>\n\t\t<div class=\"elementor-element elementor-element-222b1729 e-flex e-con-boxed e-con e-parent\" data-id=\"222b1729\" data-element_type=\"container\" data-settings=\"{&quot;jet_parallax_layout_list&quot;:[]}\">\n\t\t\t\t\t<div class=\"e-con-inner\">\n\t\t\t\t<div class=\"elementor-element elementor-element-62d87b9 elementor-widget elementor-widget-text-editor\" data-id=\"62d87b9\" data-element_type=\"widget\" data-widget_type=\"text-editor.default\">\n\t\t\t\t<div class=\"elementor-widget-container\">\n\t\t\t\t\t\t\t\t\t\n<p>\u00a0<\/p>\n\n<p>\u00a0<\/p>\n\t\t\t\t\t\t\t\t<\/div>\n\t\t\t\t<\/div>\n\t\t\t\t\t<\/div>\n\t\t\t\t<\/div>\n\t\t<div class=\"elementor-element elementor-element-41146c2 e-flex e-con-boxed e-con e-parent\" data-id=\"41146c2\" data-element_type=\"container\" data-settings=\"{&quot;jet_parallax_layout_list&quot;:[]}\">\n\t\t\t\t\t<div class=\"e-con-inner\">\n\t\t\t\t<div class=\"elementor-element elementor-element-031c8db elementor-widget elementor-widget-jet-animated-text\" data-id=\"031c8db\" data-element_type=\"widget\" data-widget_type=\"jet-animated-text.default\">\n\t\t\t\t<div class=\"elementor-widget-container\">\n\t\t\t\t\t<div class=\"elementor-jet-animated-text jet-elements\">\n<div class=\"jet-animated-text jet-animated-text--effect-fx5\" data-settings='{&quot;effect&quot;:&quot;fx5&quot;,&quot;delay&quot;:3000}'>\n\t<div class=\"jet-animated-text__before-text\">\n\t<span>Viajes<\/span>&nbsp;<\/div>\n\t<div class=\"jet-animated-text__animated-text\">\n<div class=\"jet-animated-text__animated-text-item active visible\" dir=\"ltr\">\n\t<span>d<\/span><span>i<\/span><span>r<\/span><span>e<\/span><span>c<\/span><span>t<\/span><span>or<\/span><span>s<\/span><span>&nbsp;<\/span><span>to<\/span><span>l<\/span><span>&nbsp;<\/span><span>c<\/span><span>or<\/span><span>r<\/span><span>to<\/span><span>z<\/span><span>\u00f3<\/span><span>n<\/span><span>&nbsp;<\/span><span>&nbsp;<\/span><span>d<\/span><span>e<\/span><span>&nbsp;<\/span><span>c<\/span><span>to<\/span><span>d<\/span><span>to<\/span><span>&nbsp;<\/span><span>p<\/span><span>or<\/span><span>e<\/span><span>b<\/span><span>l<\/span><span>or<\/span><\/div>\n<div class=\"jet-animated-text__animated-text-item\" dir=\"ltr\">\n\t<span>d<\/span><span>e<\/span><span>&nbsp;<\/span><span>or<\/span><span>n<\/span><span>&nbsp;<\/span><span>d<\/span><span>\u00ed<\/span><span>to<\/span><span>&nbsp;<\/span><span>q<\/span><span>or<\/span><span>e<\/span><span>&nbsp;<\/span><span>p<\/span><span>e<\/span><span>r<\/span><span>d<\/span><span>or<\/span><span>r<\/span><span>to<\/span><span>n<\/span><span>&nbsp;<\/span><span>p<\/span><span>to<\/span><span>r<\/span><span>to<\/span><span>&nbsp;<\/span><span>s<\/span><span>i<\/span><span>e<\/span><span>m<\/span><span>p<\/span><span>r<\/span><span>e<\/span><span>&nbsp;<\/span><span>e<\/span><span>n<\/span><span>&nbsp;<\/span><span>e<\/span><span>l<\/span><span>&nbsp;<\/span><span>c<\/span><span>or<\/span><span>r<\/span><span>to<\/span><span>z<\/span><span>\u00f3<\/span><span>n<\/span><\/div>\n<\/div>\t<\/div><\/div>\t\t\t\t<\/div>\n\t\t\t\t<\/div>\n\t\t\t\t<div class=\"elementor-element elementor-element-fef64f6 elementor-widget elementor-widget-text-editor\" data-id=\"fef64f6\" data-element_type=\"widget\" data-widget_type=\"text-editor.default\">\n\t\t\t\t<div class=\"elementor-widget-container\">\n\t\t\t\t\t\t\t\t\t<p>\u00a0<\/p>\n<p><span style=\"font-weight: 400;\">M\u00e9xico es un pa\u00eds vibrante y Chiapas es el territorio que late con m\u00e1s fuerza. Este rinconcito sure\u00f1o es el lugar de la abundancia, de la vida y de los sue\u00f1os. Su gran biodiversidad es unicamente equiparable a su enorme riqueza cultural y ling\u00fc\u00edstica.\u00a0<\/span><\/p>\n<p><span style=\"font-weight: 400;\">Chiapas es multicolor y multifac\u00e9tico, es un territorio hermosamente complejo en el que cada pueblo originario y cada ciudad cosmopolita escriben su propia historia. Descubre con nosotras la esencia y el sentido de todos ellos de una manera aut\u00e9ntica, real y significativa.<\/span><\/p>\t\t\t\t\t\t\t\t<\/div>\n\t\t\t\t<\/div>\n\t\t\t\t\t<\/div>\n\t\t\t\t<\/div>\n\t\t<div class=\"elementor-element elementor-element-05ee4a8 e-flex e-con-boxed e-con e-parent\" data-id=\"05ee4a8\" data-element_type=\"container\" data-settings=\"{&quot;jet_parallax_layout_list&quot;:[]}\">\n\t\t\t\t\t<div class=\"e-con-inner\">\n\t\t\t\t<div class=\"elementor-element elementor-element-026cadb elementor-widget elementor-widget-jet-portfolio\" data-id=\"026cadb\" data-element_type=\"widget\" data-settings=\"{&quot;columns&quot;:3}\" data-widget_type=\"jet-portfolio.default\">\n\t\t\t\t<div class=\"elementor-widget-container\">\n\t\t\t\t\t<div class=\"elementor-jet-portfolio jet-elements\">\n<div class=\"jet-portfolio layout-type-masonry preset-type-1 layout-desktop-column-3\" data-settings=\"{&quot;layoutType&quot;:&quot;masonry&quot;,&quot;perPage&quot;:6}\"><div class=\"jet-portfolio__list\"><article class=\"jet-portfolio__item visible-status\" data-slug=\"{&quot;0&quot;:&quot;all&quot;}\">\n\t<div class=\"jet-portfolio__inner\">\n\t\t<a class=\"jet-portfolio__link\" href=\"https:\/\/newsite.malinalitravel.com\/wp-content\/uploads\/2019\/02\/TZELTALES-1.png\" data-elementor-open-lightbox=\"yes\">\n\t\t\t<div class=\"jet-portfolio__image\">\n\t\t\t\t<img loading=\"lazy\" decoding=\"async\" class=\"jet-portfolio__image-instance\" src=\"https:\/\/newsite.malinalitravel.com\/wp-content\/uploads\/2019\/02\/TZELTALES-1.png\" width=\"500\" height=\"500\"  alt=\"TZELTALES\">\t\t\t\t<div class=\"jet-portfolio__image-loader\"><span><\/span><\/div>\n\t\t\t<\/div>\n\t\t<\/a>\n\t\t<div class=\"jet-portfolio__content\">\n\t\t\t<div class=\"jet-portfolio__content-inner\"><h4 class=\"jet-portfolio__title\">COMUNIDADES TZOTZILES<\/h4><p class=\"jet-portfolio__desc\">\u201cUn verdadero encuentro con la cosmovisi\u00f3n ind\u00edgena que ampli\u00f3 mi percepci\u00f3n del mundo\u201d<\/p><a class=\"elementor-button elementor-size-md jet-portfolio__button\" href=\"https:\/\/newsite.malinalitravel.com\/en\/comunidades-tzotziles\/\"><span class=\"jet-portfolio__button-text\">Leer<\/span><\/a><\/div>\n\t\t<\/div>\n\n\t<\/div>\n<\/article><article class=\"jet-portfolio__item visible-status\" data-slug=\"{&quot;0&quot;:&quot;all&quot;}\">\n\t<div class=\"jet-portfolio__inner\">\n\t\t<a class=\"jet-portfolio__link\" href=\"https:\/\/newsite.malinalitravel.com\/wp-content\/uploads\/2019\/02\/TZELTALES.png\" data-elementor-open-lightbox=\"yes\">\n\t\t\t<div class=\"jet-portfolio__image\">\n\t\t\t\t<img loading=\"lazy\" decoding=\"async\" class=\"jet-portfolio__image-instance\" src=\"https:\/\/newsite.malinalitravel.com\/wp-content\/uploads\/2019\/02\/TZELTALES.png\" width=\"500\" height=\"500\"  alt=\"TZELTALES\">\t\t\t\t<div class=\"jet-portfolio__image-loader\"><span><\/span><\/div>\n\t\t\t<\/div>\n\t\t<\/a>\n\t\t<div class=\"jet-portfolio__content\">\n\t\t\t<div class=\"jet-portfolio__content-inner\"><h4 class=\"jet-portfolio__title\">COMUNIDADES TZELTALES<\/h4><p class=\"jet-portfolio__desc\">\u201cUna visita muy sensorial para conectar con las artesanas desde el coraz\u00f3n\u201d<\/p><a class=\"elementor-button elementor-size-md jet-portfolio__button\" href=\"https:\/\/newsite.malinalitravel.com\/en\/comunidades-tzeltales\/\"><span class=\"jet-portfolio__button-text\">Leer<\/span><\/a><\/div>\n\t\t<\/div>\n\n\t<\/div>\n<\/article><article class=\"jet-portfolio__item visible-status\" data-slug=\"{&quot;0&quot;:&quot;all&quot;}\">\n\t<div class=\"jet-portfolio__inner\">\n\t\t<a class=\"jet-portfolio__link\" href=\"https:\/\/newsite.malinalitravel.com\/wp-content\/uploads\/2019\/02\/san-cris-REGENERATIVO.png\" data-elementor-open-lightbox=\"yes\">\n\t\t\t<div class=\"jet-portfolio__image\">\n\t\t\t\t<img loading=\"lazy\" decoding=\"async\" class=\"jet-portfolio__image-instance\" src=\"https:\/\/newsite.malinalitravel.com\/wp-content\/uploads\/2019\/02\/san-cris-REGENERATIVO.png\" width=\"500\" height=\"500\"  alt=\"san cris REGENERATIVO\">\t\t\t\t<div class=\"jet-portfolio__image-loader\"><span><\/span><\/div>\n\t\t\t<\/div>\n\t\t<\/a>\n\t\t<div class=\"jet-portfolio__content\">\n\t\t\t<div class=\"jet-portfolio__content-inner\"><h4 class=\"jet-portfolio__title\">SAN CRIST\u00d3BAL REGENERATIVO<\/h4><p class=\"jet-portfolio__desc\">\u201cLa mejor oportunidad para conectar con la naturaleza y contribuir con la conservaci\u00f3n de la biodiversidad\u201d<\/p><a class=\"elementor-button elementor-size-md jet-portfolio__button\" href=\"https:\/\/newsite.malinalitravel.com\/en\/san-cristobal-regenerativo\/\"><span class=\"jet-portfolio__button-text\">Leer<\/span><\/a><\/div>\n\t\t<\/div>\n\n\t<\/div>\n<\/article><article class=\"jet-portfolio__item visible-status\" data-slug=\"{&quot;0&quot;:&quot;all&quot;}\">\n\t<div class=\"jet-portfolio__inner\">\n\t\t<a class=\"jet-portfolio__link\" href=\"https:\/\/newsite.malinalitravel.com\/wp-content\/uploads\/2019\/02\/san-cris-ARTES-VISUALES.png\" data-elementor-open-lightbox=\"yes\">\n\t\t\t<div class=\"jet-portfolio__image\">\n\t\t\t\t<img loading=\"lazy\" decoding=\"async\" class=\"jet-portfolio__image-instance\" src=\"https:\/\/newsite.malinalitravel.com\/wp-content\/uploads\/2019\/02\/san-cris-ARTES-VISUALES.png\" width=\"500\" height=\"500\"  alt=\"san cris ARTES VISUALES\">\t\t\t\t<div class=\"jet-portfolio__image-loader\"><span><\/span><\/div>\n\t\t\t<\/div>\n\t\t<\/a>\n\t\t<div class=\"jet-portfolio__content\">\n\t\t\t<div class=\"jet-portfolio__content-inner\"><h4 class=\"jet-portfolio__title\">SAN CRIS. ARTES VISUALES<\/h4><p class=\"jet-portfolio__desc\">\u201cIdeal para conocer la escena art\u00edstica de un San Crist\u00f3bal multifac\u00e9tico y propositivo\u201d<\/p><a class=\"elementor-button elementor-size-md jet-portfolio__button\" href=\"https:\/\/newsite.malinalitravel.com\/en\/san-cristobal-artes-visuales\/\"><span class=\"jet-portfolio__button-text\">Leer<\/span><\/a><\/div>\n\t\t<\/div>\n\n\t<\/div>\n<\/article><article class=\"jet-portfolio__item visible-status\" data-slug=\"{&quot;0&quot;:&quot;all&quot;}\">\n\t<div class=\"jet-portfolio__inner\">\n\t\t<a class=\"jet-portfolio__link\" href=\"https:\/\/newsite.malinalitravel.com\/wp-content\/uploads\/2019\/02\/LARRAINZAR.png\" data-elementor-open-lightbox=\"yes\">\n\t\t\t<div class=\"jet-portfolio__image\">\n\t\t\t\t<img loading=\"lazy\" decoding=\"async\" class=\"jet-portfolio__image-instance\" src=\"https:\/\/newsite.malinalitravel.com\/wp-content\/uploads\/2019\/02\/LARRAINZAR.png\" width=\"500\" height=\"500\"  alt=\"LARRAINZAR\">\t\t\t\t<div class=\"jet-portfolio__image-loader\"><span><\/span><\/div>\n\t\t\t<\/div>\n\t\t<\/a>\n\t\t<div class=\"jet-portfolio__content\">\n\t\t\t<div class=\"jet-portfolio__content-inner\"><h4 class=\"jet-portfolio__title\">LARRAINZAR<\/h4><p class=\"jet-portfolio__desc\">\u201cLa experiencia m\u00e1s colorida para conocer los otros rostros de Chiapas\u201d\n<\/p><a class=\"elementor-button elementor-size-md jet-portfolio__button\" href=\"https:\/\/newsite.malinalitravel.com\/en\/larrainzar\/\"><span class=\"jet-portfolio__button-text\">Leer<\/span><\/a><\/div>\n\t\t<\/div>\n\n\t<\/div>\n<\/article><article class=\"jet-portfolio__item visible-status\" data-slug=\"{&quot;0&quot;:&quot;all&quot;}\">\n\t<div class=\"jet-portfolio__inner\">\n\t\t<a class=\"jet-portfolio__link\" href=\"https:\/\/newsite.malinalitravel.com\/wp-content\/uploads\/2025\/05\/TENEJAPA.png\" data-elementor-open-lightbox=\"yes\">\n\t\t\t<div class=\"jet-portfolio__image\">\n\t\t\t\t<img loading=\"lazy\" decoding=\"async\" class=\"jet-portfolio__image-instance\" src=\"https:\/\/newsite.malinalitravel.com\/wp-content\/uploads\/2025\/05\/TENEJAPA.png\" width=\"500\" height=\"500\"  alt=\"TENEJAPA\">\t\t\t\t<div class=\"jet-portfolio__image-loader\"><span><\/span><\/div>\n\t\t\t<\/div>\n\t\t<\/a>\n\t\t<div class=\"jet-portfolio__content\">\n\t\t\t<div class=\"jet-portfolio__content-inner\"><h4 class=\"jet-portfolio__title\">Tenejapa<\/h4><p class=\"jet-portfolio__desc\">\u201cUna ruta llena de colores y sabores, ideal para degustar lo mejor de Chiapas\u201d<\/p><a class=\"elementor-button elementor-size-md jet-portfolio__button\" href=\"https:\/\/newsite.malinalitravel.com\/en\/tenejapa\/\"><span class=\"jet-portfolio__button-text\">Leer<\/span><\/a><\/div>\n\t\t<\/div>\n\n\t<\/div>\n<\/article><\/div><\/div>\n<\/div>\t\t\t\t<\/div>\n\t\t\t\t<\/div>\n\t\t\t\t<div class=\"elementor-element elementor-element-d6d050e elementor-widget elementor-widget-text-editor\" data-id=\"d6d050e\" data-element_type=\"widget\" data-widget_type=\"text-editor.default\">\n\t\t\t\t<div class=\"elementor-widget-container\">\n\t\t\t\t\t\t\t\t\t<p><span style=\"font-weight: 400;\"><strong>Nuestras visitas<\/strong> de un d\u00eda est\u00e1n <strong>dise\u00f1adas para conocer el alma de nuestras y nuestros anfitriones,<\/strong> intercambiar con ellos saberes y vivencias alrededor de sus fogones, mientras cocinamos juntos o participamos en la creaci\u00f3n de una pieza artesanal. Estas inmersiones culturales nos permiten reconocernos a nosotros mismos desde la otredad y transformarnos, sembrar y cosechar la empat\u00eda y permitirnos creer que un mundo en el que caben muchos mundos s\u00ed es posible.\u00a0<\/span><\/p>\n<p><span style=\"font-weight: 400;\"><strong>Cada experiencia es co-creada<\/strong> con las cooperativas, los grupos, los colectivos, los productores y las familias de artesanos que forman parte de nuestro gran ecosistema; se han construido desde el coraz\u00f3n y para la regeneraci\u00f3n de sus territorios y la prosperidad de su pueblos. Por eso, con tu visita no solo contribuyes a la conservaci\u00f3n del patrimonio natural, cultural y art\u00edstico de Chiapas, si no que abonas a la autodeterminaci\u00f3n y al fortalecimiento de los lazos comunitarios de sus m\u00faltiples destinos.<\/span><\/p>\t\t\t\t\t\t\t\t<\/div>\n\t\t\t\t<\/div>\n\t\t\t\t\t<\/div>\n\t\t\t\t<\/div>\n\t\t\t\t<\/div>","protected":false},"excerpt":{"rendered":"<p>DAY TOUR Tours de un d\u00eda,Experiencias bioculturales en Chiapas. \u00a0 \u00a0 Viajes&nbsp; directos&nbsp;al&nbsp;coraz\u00f3n&nbsp;&nbsp;de&nbsp;cada&nbsp;pueblo de&nbsp;un&nbsp;d\u00eda&nbsp;que&nbsp;perduran&nbsp;para&nbsp;siempre&nbsp;en&nbsp;el&nbsp;coraz\u00f3n \u00a0 M\u00e9xico es un pa\u00eds vibrante y Chiapas es el territorio que late con m\u00e1s fuerza. Este rinconcito sure\u00f1o es el lugar de la abundancia, de la vida y de los sue\u00f1os. Su gran biodiversidad es unicamente equiparable a su enorme [&hellip;]<\/p>","protected":false},"author":1,"featured_media":0,"parent":0,"menu_order":0,"comment_status":"closed","ping_status":"closed","template":"","meta":{"_jet_sm_ready_style":"","_jet_sm_style":"","_jet_sm_controls_values":"","_jet_sm_fonts_collection":"","_jet_sm_fonts_links":"","footnotes":""},"class_list":["post-8345","page","type-page","status-publish","hentry"],"_links":{"self":[{"href":"https:\/\/newsite.malinalitravel.com\/en\/wp-json\/wp\/v2\/pages\/8345","targetHints":{"allow":["GET"]}}],"collection":[{"href":"https:\/\/newsite.malinalitravel.com\/en\/wp-json\/wp\/v2\/pages"}],"about":[{"href":"https:\/\/newsite.malinalitravel.com\/en\/wp-json\/wp\/v2\/types\/page"}],"author":[{"embeddable":true,"href":"https:\/\/newsite.malinalitravel.com\/en\/wp-json\/wp\/v2\/users\/1"}],"replies":[{"embeddable":true,"href":"https:\/\/newsite.malinalitravel.com\/en\/wp-json\/wp\/v2\/comments?post=8345"}],"version-history":[{"count":26,"href":"https:\/\/newsite.malinalitravel.com\/en\/wp-json\/wp\/v2\/pages\/8345\/revisions"}],"predecessor-version":[{"id":8794,"href":"https:\/\/newsite.malinalitravel.com\/en\/wp-json\/wp\/v2\/pages\/8345\/revisions\/8794"}],"wp:attachment":[{"href":"https:\/\/newsite.malinalitravel.com\/en\/wp-json\/wp\/v2\/media?parent=8345"}],"curies":[{"name":"wp","href":"https:\/\/api.w.org\/{rel}","templated":true}]}}