{"id":8460,"date":"2025-05-24T23:10:35","date_gmt":"2025-05-24T23:10:35","guid":{"rendered":"https:\/\/newsite.malinalitravel.com\/?page_id=8460"},"modified":"2025-05-28T08:08:03","modified_gmt":"2025-05-28T08:08:03","slug":"nosotrs","status":"publish","type":"page","link":"https:\/\/newsite.malinalitravel.com\/en\/nosotrs\/","title":{"rendered":"Huella positiva"},"content":{"rendered":"<div data-elementor-type=\"wp-page\" data-elementor-id=\"8460\" class=\"elementor elementor-8460\" data-elementor-post-type=\"page\">\n\t\t\t\t\t\t<section class=\"elementor-section elementor-top-section elementor-element elementor-element-37ca097 elementor-section-boxed elementor-section-height-default elementor-section-height-default\" data-id=\"37ca097\" data-element_type=\"section\" data-settings=\"{&quot;jet_parallax_layout_list&quot;:[{&quot;jet_parallax_layout_image&quot;:{&quot;url&quot;:&quot;&quot;,&quot;id&quot;:&quot;&quot;,&quot;size&quot;:&quot;&quot;},&quot;_id&quot;:&quot;458a38c&quot;,&quot;jet_parallax_layout_image_tablet&quot;:{&quot;url&quot;:&quot;&quot;,&quot;id&quot;:&quot;&quot;,&quot;size&quot;:&quot;&quot;},&quot;jet_parallax_layout_image_mobile&quot;:{&quot;url&quot;:&quot;&quot;,&quot;id&quot;:&quot;&quot;,&quot;size&quot;:&quot;&quot;},&quot;jet_parallax_layout_speed&quot;:{&quot;unit&quot;:&quot;%&quot;,&quot;size&quot;:50,&quot;sizes&quot;:[]},&quot;jet_parallax_layout_type&quot;:&quot;scroll&quot;,&quot;jet_parallax_layout_direction&quot;:null,&quot;jet_parallax_layout_fx_direction&quot;:null,&quot;jet_parallax_layout_z_index&quot;:&quot;&quot;,&quot;jet_parallax_layout_bg_x&quot;:50,&quot;jet_parallax_layout_bg_x_tablet&quot;:&quot;&quot;,&quot;jet_parallax_layout_bg_x_mobile&quot;:&quot;&quot;,&quot;jet_parallax_layout_bg_y&quot;:50,&quot;jet_parallax_layout_bg_y_tablet&quot;:&quot;&quot;,&quot;jet_parallax_layout_bg_y_mobile&quot;:&quot;&quot;,&quot;jet_parallax_layout_bg_size&quot;:&quot;auto&quot;,&quot;jet_parallax_layout_bg_size_tablet&quot;:&quot;&quot;,&quot;jet_parallax_layout_bg_size_mobile&quot;:&quot;&quot;,&quot;jet_parallax_layout_animation_prop&quot;:&quot;transform&quot;,&quot;jet_parallax_layout_on&quot;:[&quot;desktop&quot;,&quot;tablet&quot;]}],&quot;background_background&quot;:&quot;classic&quot;}\">\n\t\t\t\t\t\t<div class=\"elementor-container elementor-column-gap-default\">\n\t\t\t\t\t<div class=\"elementor-column elementor-col-100 elementor-top-column elementor-element elementor-element-5fb9f27\" data-id=\"5fb9f27\" data-element_type=\"column\">\n\t\t\t<div class=\"elementor-widget-wrap elementor-element-populated\">\n\t\t\t\t\t\t<div class=\"elementor-element elementor-element-ce07c94 elementor-widget__width-initial elementor-widget elementor-widget-heading\" data-id=\"ce07c94\" data-element_type=\"widget\" data-widget_type=\"heading.default\">\n\t\t\t\t<div class=\"elementor-widget-container\">\n\t\t\t\t\t<h1 class=\"elementor-heading-title elementor-size-default\">VOLUNTARIADO\n<\/h1>\t\t\t\t<\/div>\n\t\t\t\t<\/div>\n\t\t\t\t<div class=\"elementor-element elementor-element-9553740 elementor-widget__width-initial elementor-widget elementor-widget-text-editor\" data-id=\"9553740\" data-element_type=\"widget\" data-widget_type=\"text-editor.default\">\n\t\t\t\t<div class=\"elementor-widget-container\">\n\t\t\t\t\t\t\t\t\t<p><strong><em><span class=\"OYPEnA font-feature-liga-off font-feature-clig-off font-feature-calt-off text-decoration-none text-strikethrough-none\">Voluntariado Regenerativo en M\u00e9xico + Huella positiva<\/span><\/em><\/strong><\/p>\t\t\t\t\t\t\t\t<\/div>\n\t\t\t\t<\/div>\n\t\t\t\t\t<\/div>\n\t\t<\/div>\n\t\t\t\t\t<\/div>\n\t\t<\/section>\n\t\t<div class=\"elementor-element elementor-element-fdc5b0f e-flex e-con-boxed e-con e-parent\" data-id=\"fdc5b0f\" data-element_type=\"container\" data-settings=\"{&quot;jet_parallax_layout_list&quot;:[]}\">\n\t\t\t\t\t<div class=\"e-con-inner\">\n\t\t\t\t<div class=\"elementor-element elementor-element-b481b57 elementor-widget elementor-widget-heading\" data-id=\"b481b57\" data-element_type=\"widget\" data-widget_type=\"heading.default\">\n\t\t\t\t<div class=\"elementor-widget-container\">\n\t\t\t\t\t<h2 class=\"elementor-heading-title elementor-size-default\">Experiencias con sentido para quienes desean contribuir a un mundo m\u00e1s vivo<\/h2>\t\t\t\t<\/div>\n\t\t\t\t<\/div>\n\t\t\t\t<div class=\"elementor-element elementor-element-f3bbbf3 elementor-widget elementor-widget-text-editor\" data-id=\"f3bbbf3\" data-element_type=\"widget\" data-widget_type=\"text-editor.default\">\n\t\t\t\t<div class=\"elementor-widget-container\">\n\t\t\t\t\t\t\t\t\t<p><span style=\"font-weight: 400;\">En Malinali creemos que el voluntariado es mucho m\u00e1s que ofrecer ayuda: es un encuentro profundo contigo mismo, con otros pueblos y con la Tierra. Es una invitaci\u00f3n a bajar el ritmo, a estar presente de verdad, a trabajar con las manos y el coraz\u00f3n al servicio de algo m\u00e1s grande. <\/span><b>Participando activamente en iniciativas locales<\/b><span style=\"font-weight: 400;\">, aprender\u00e1s sobre sostenibilidad, resiliencia y tejido comunitario. No solo volver\u00e1s con nuevas herramientas e inspiraci\u00f3n, sino tambi\u00e9n con v\u00ednculos significativos y una mirada m\u00e1s amplia del mundo.<\/span><\/p>\t\t\t\t\t\t\t\t<\/div>\n\t\t\t\t<\/div>\n\t\t\t\t<div class=\"elementor-element elementor-element-84bac54 elementor-widget-divider--view-line elementor-widget elementor-widget-divider\" data-id=\"84bac54\" data-element_type=\"widget\" data-widget_type=\"divider.default\">\n\t\t\t\t<div class=\"elementor-widget-container\">\n\t\t\t\t\t\t\t<div class=\"elementor-divider\">\n\t\t\t<span class=\"elementor-divider-separator\">\n\t\t\t\t\t\t<\/span>\n\t\t<\/div>\n\t\t\t\t\t\t<\/div>\n\t\t\t\t<\/div>\n\t\t\t\t<div class=\"elementor-element elementor-element-044a0f6 elementor-widget elementor-widget-jet-animated-text\" data-id=\"044a0f6\" data-element_type=\"widget\" data-widget_type=\"jet-animated-text.default\">\n\t\t\t\t<div class=\"elementor-widget-container\">\n\t\t\t\t\t<div class=\"elementor-jet-animated-text jet-elements\">\n<div class=\"jet-animated-text jet-animated-text--effect-fx5\" data-settings='{&quot;effect&quot;:&quot;fx5&quot;,&quot;delay&quot;:3000}'>\n\t<div class=\"jet-animated-text__before-text\">\n\t<span>Te<\/span>&nbsp;<span>invitamos<\/span>&nbsp;<span>to<\/span>&nbsp;<span>quedarte<\/span>&nbsp;<span>una<\/span>&nbsp;<span>semana<\/span>&nbsp;<span>m\u00e1s<\/span>&nbsp;<span>en<\/span>&nbsp;<span>M\u00e9xico<\/span>&nbsp;<span>para<\/span>&nbsp;<span>vivir<\/span>&nbsp;<span>otra<\/span>&nbsp;<span>manera<\/span>&nbsp;<span>de<\/span>&nbsp;<span>viajar.<\/span>&nbsp;<\/div>\n\t<div class=\"jet-animated-text__animated-text\">\n<div class=\"jet-animated-text__animated-text-item active visible\" dir=\"ltr\">\n\t<span>O<\/span><span>f<\/span><span>r<\/span><span>e<\/span><span>c<\/span><span>e<\/span><span>m<\/span><span>or<\/span><span>s<\/span><span>&nbsp;<\/span><span>d<\/span><span>or<\/span><span>s<\/span><span>&nbsp;<\/span><span>e<\/span><span>x<\/span><span>p<\/span><span>e<\/span><span>r<\/span><span>i<\/span><span>e<\/span><span>n<\/span><span>c<\/span><span>i<\/span><span>to<\/span><span>s<\/span><span>&nbsp;<\/span><span>\u00fa<\/span><span>n<\/span><span>i<\/span><span>c<\/span><span>to<\/span><span>s<\/span><span>&nbsp;<\/span><\/div>\n<div class=\"jet-animated-text__animated-text-item\" dir=\"ltr\">\n\t<span>p<\/span><span>to<\/span><span>r<\/span><span>to<\/span><span>&nbsp;<\/span><span>q<\/span><span>or<\/span><span>i<\/span><span>e<\/span><span>n<\/span><span>e<\/span><span>s<\/span><span>&nbsp;<\/span><span>d<\/span><span>e<\/span><span>s<\/span><span>e<\/span><span>to<\/span><span>n<\/span><span>&nbsp;<\/span><span>f<\/span><span>or<\/span><span>r<\/span><span>m<\/span><span>to<\/span><span>r<\/span><span>&nbsp;<\/span><span>p<\/span><span>to<\/span><span>r<\/span><span>t<\/span><span>e<\/span><span>&nbsp;<\/span><span>d<\/span><span>e<\/span><span>&nbsp;<\/span><span>e<\/span><span>s<\/span><span>t<\/span><span>to<\/span><span>&nbsp;<\/span><span>r<\/span><span>e<\/span><span>g<\/span><span>e<\/span><span>n<\/span><span>e<\/span><span>r<\/span><span>to<\/span><span>c<\/span><span>i<\/span><span>\u00f3<\/span><span>n<\/span><span>:<\/span><\/div>\n<\/div>\t<\/div><\/div>\t\t\t\t<\/div>\n\t\t\t\t<\/div>\n\t\t\t\t<div class=\"elementor-element elementor-element-934b762 elementor-widget-divider--view-line elementor-widget elementor-widget-divider\" data-id=\"934b762\" data-element_type=\"widget\" data-widget_type=\"divider.default\">\n\t\t\t\t<div class=\"elementor-widget-container\">\n\t\t\t\t\t\t\t<div class=\"elementor-divider\">\n\t\t\t<span class=\"elementor-divider-separator\">\n\t\t\t\t\t\t<\/span>\n\t\t<\/div>\n\t\t\t\t\t\t<\/div>\n\t\t\t\t<\/div>\n\t\t\t\t<div class=\"elementor-element elementor-element-9861af7 elementor-flip-box--effect-flip elementor-flip-box--direction-up elementor-widget elementor-widget-flip-box\" data-id=\"9861af7\" data-element_type=\"widget\" data-widget_type=\"flip-box.default\">\n\t\t\t\t<div class=\"elementor-widget-container\">\n\t\t\t\t\t\t\t<div class=\"elementor-flip-box\" tabindex=\"0\">\n\t\t\t<div class=\"elementor-flip-box__layer elementor-flip-box__front\">\n\t\t\t\t<div class=\"elementor-flip-box__layer__overlay\">\n\t\t\t\t\t<div class=\"elementor-flip-box__layer__inner\">\n\t\t\t\t\t\t\t\t\t\t\t\t\t<div class=\"elementor-icon-wrapper elementor-view-default\">\n\t\t\t\t\t\t\t\t<div class=\"elementor-icon\">\n\t\t\t\t\t\t\t\t\t<svg xmlns=\"http:\/\/www.w3.org\/2000\/svg\" id=\"Capa_1\" data-name=\"Capa 1\" viewbox=\"0 0 100 100\"><defs><style>      .cls-1 {        fill: #606060;        stroke-width: 0px;      }    <\/style><\/defs><path class=\"cls-1\" d=\"M90.12,50.47c-.05,2.21,0,4.44-.17,6.64-.33,4.13-1.2,8.18-2.33,12.17-.86,3.06-1.76,6.1-3.28,8.91-1.21,2.23-2.43,4.44-3.66,6.66-.27.48-.57.93-1.17,1.08-.6.15-1.04-.05-1.44-.46-.37-.38-.44-.85-.24-1.32.33-.77.71-1.52,1.09-2.27,1.23-2.39,2.55-4.73,3.68-7.16,1.48-3.19,2.27-6.62,3.14-10.03,1.17-4.62,1.48-9.31,1.39-14.04-.04-1.91-.04-3.82-.18-5.73-.23-3.02-1.04-5.91-2.16-8.72-1.58-3.94-3.99-7.27-7.09-10.17-2.54-2.37-5.43-4.18-8.51-5.73-4.8-2.42-9.91-3.73-15.21-4.38-2.31-.28-4.6-.09-6.89.15-3.53.37-6.98,1.14-10.36,2.19-3.78,1.18-7.26,3-10.5,5.28-2.5,1.76-4.82,3.69-6.69,6.13-2.39,3.14-3.85,6.69-4.71,10.53-.97,4.34-1.17,8.74-.92,13.17.25,4.26,1.01,8.43,2.58,12.41,2.48,6.26,6.72,10.85,12.85,13.7,4.96,2.3,10.18,3.24,15.61,3.05,4.22-.14,8.29-1.02,12.11-2.86,2.82-1.36,5.43-3.05,7.62-5.32,4.1-4.27,6.7-9.33,7.73-15.15.92-5.25.55-10.41-1.51-15.38-2.2-5.31-6.04-8.86-11.57-10.44-5.4-1.55-10.8-1.56-16.15.36-3.25,1.17-6.06,3.02-8.34,5.62-2.01,2.28-3.31,4.95-3.96,7.9-.97,4.36-.66,8.63,1.18,12.72,1.42,3.18,3.79,5.38,7.14,6.38,2.97.89,5.97.77,8.93-.11,2.12-.63,4.1-1.57,5.82-3,3.61-3,4.7-8.16,2.45-12.13-1.67-2.95-4.33-4.36-7.69-4.14-2.03.13-3.58,1.25-4.26,3.24-.67,1.96.53,4.11,2.63,4.33.54.06,1.1.05,1.64.04.44,0,.88-.07,1.33-.07.89-.02,1.45.47,1.55,1.32.09.73-.42,1.4-1.24,1.56-1.27.24-2.55.29-3.83.09-2.51-.41-4.52-2.35-4.98-4.86-.49-2.71.48-4.93,2.5-6.66,2-1.72,4.43-2.13,6.97-1.68,3.13.55,5.69,2.08,7.48,4.74,1.51,2.24,2.24,4.73,2.06,7.45-.31,4.77-2.64,8.29-6.69,10.71-3.3,1.97-6.92,2.87-10.74,2.86-3.88-.02-7.35-1.23-10.23-3.9-2.13-1.98-3.51-4.43-4.37-7.2-1.59-5.12-1.47-10.22.46-15.22,2.56-6.63,7.55-10.68,14.15-12.89,4.87-1.63,9.83-1.79,14.85-.73,2.65.56,5.16,1.47,7.46,2.89,3.46,2.13,6.03,5.05,7.74,8.75,2.27,4.92,3.02,10.1,2.55,15.45-.53,6.01-2.6,11.44-6.18,16.31-3.48,4.73-8.11,7.88-13.5,9.99-2.6,1.02-5.34,1.63-8.12,1.95-7.68.89-14.97-.37-21.75-4.12-4.32-2.39-7.77-5.76-10.27-10.02-1.87-3.19-3.09-6.66-3.84-10.29-.92-4.41-1.09-8.87-.97-13.36.11-3.92.77-7.74,1.98-11.46,1.48-4.56,3.99-8.44,7.54-11.67,5.27-4.8,11.42-7.96,18.27-9.73,3.68-.95,7.45-1.45,11.25-1.69,4.05-.25,7.96.44,11.84,1.47,4.98,1.33,9.67,3.31,13.9,6.27,6.73,4.71,11.3,10.95,13.25,19.02.56,2.34.92,4.7.91,7.11,0,1.16,0,2.32,0,3.48.03,0,.06,0,.09,0Z\"><\/path><\/svg>\t\t\t\t\t\t\t\t<\/div>\n\t\t\t\t\t\t\t<\/div>\n\t\t\t\t\t\t\n\t\t\t\t\t\t\t\t\t\t\t\t\t<h3 class=\"elementor-flip-box__layer__title\">\n\t\t\t\t\t\t\t\tVoluntariado Biocultural en San Crist\u00f3bal de Las Casas y Zinacant\u00e1n, Chiapas\t\t\t\t\t\t\t<\/h3>\n\t\t\t\t\t\t\n\t\t\t\t\t\t\t\t\t\t\t\t\t<div class=\"elementor-flip-box__layer__description\">\n\t\t\t\t\t\t\t\tA las afueras de San Crist\u00f3bal se encuentra el Parque Ecol\u00f3gico El Encuentro, un refugio de vida y conciencia ecol\u00f3gica. Aqu\u00ed colaboramos con los proyectos de Pies a la Tierra y Yoonik, dos iniciativas que siembran esperanza desde la agroecolog\u00eda y la educaci\u00f3n. \n\n\n\t\t\t\t\t\t\t<\/div>\n\t\t\t\t\t\t\t\t\t\t\t<\/div>\n\t\t\t\t<\/div>\n\t\t\t<\/div>\n\t\t\t<div class=\"elementor-flip-box__layer elementor-flip-box__back\">\n\t\t\t<div class=\"elementor-flip-box__layer__overlay\">\n\t\t\t\t<div class=\"elementor-flip-box__layer__inner\">\n\t\t\t\t\t\t\t\t\t\t\t<h3 class=\"elementor-flip-box__layer__title\">\n\t\t\t\t\t\t\t\u00bfQu\u00e9 har\u00e1s?\t\t\t\t\t\t<\/h3>\n\t\t\t\t\t\n\t\t\t\t\t\t\t\t\t\t\t<div class=\"elementor-flip-box__layer__description\">\n\t\t\t\t\t\t\t\n En Pies a la Tierra, participar\u00e1s en la huerta ecol\u00f3gica y preparar\u00e1s comidas colectivas con ingredientes reci\u00e9n cosechados.\nEn Zinacant\u00e1n, colaborar\u00e1s en actividades educativas con ni\u00f1as y ni\u00f1os: desde apoyo escolar hasta talleres creativos de cocina, muralismo o m\u00fasica.\t\t\t\t\t\t<\/div>\n\t\t\t\t\t\n\t\t\t\t\t\t\t\t\t\t\t<a class=\"elementor-flip-box__button elementor-button elementor-size-sm\">\n\t\t\t\t\t\t\t\u00bfQuieres unirte?\t\t\t\t\t\t<\/a>\n\t\t\t\t\t\t\t\t<\/div>\n\t\t<\/div>\n\t\t<\/div>\n\t\t<\/div>\n\t\t\t\t\t\t<\/div>\n\t\t\t\t<\/div>\n\t\t\t\t<div class=\"elementor-element elementor-element-08ffeaf elementor-widget-divider--view-line elementor-widget elementor-widget-divider\" data-id=\"08ffeaf\" data-element_type=\"widget\" data-widget_type=\"divider.default\">\n\t\t\t\t<div class=\"elementor-widget-container\">\n\t\t\t\t\t\t\t<div class=\"elementor-divider\">\n\t\t\t<span class=\"elementor-divider-separator\">\n\t\t\t\t\t\t<\/span>\n\t\t<\/div>\n\t\t\t\t\t\t<\/div>\n\t\t\t\t<\/div>\n\t\t\t\t<div class=\"elementor-element elementor-element-34dd54a elementor-flip-box--effect-flip elementor-flip-box--direction-up elementor-widget elementor-widget-flip-box\" data-id=\"34dd54a\" data-element_type=\"widget\" data-widget_type=\"flip-box.default\">\n\t\t\t\t<div class=\"elementor-widget-container\">\n\t\t\t\t\t\t\t<div class=\"elementor-flip-box\" tabindex=\"0\">\n\t\t\t<div class=\"elementor-flip-box__layer elementor-flip-box__front\">\n\t\t\t\t<div class=\"elementor-flip-box__layer__overlay\">\n\t\t\t\t\t<div class=\"elementor-flip-box__layer__inner\">\n\t\t\t\t\t\t\t\t\t\t\t\t\t<div class=\"elementor-icon-wrapper elementor-view-framed elementor-shape-circle\">\n\t\t\t\t\t\t\t\t<div class=\"elementor-icon\">\n\t\t\t\t\t\t\t\t\t<svg xmlns=\"http:\/\/www.w3.org\/2000\/svg\" id=\"Capa_1\" data-name=\"Capa 1\" viewbox=\"0 0 100 100\"><defs><style>      .cls-1 {        fill: #efefef;        stroke-width: 0px;      }    <\/style><\/defs><path class=\"cls-1\" d=\"M90.12,50.47c-.05,2.21,0,4.44-.17,6.64-.33,4.13-1.2,8.18-2.33,12.17-.86,3.06-1.76,6.1-3.28,8.91-1.21,2.23-2.43,4.44-3.66,6.66-.27.48-.57.93-1.17,1.08-.6.15-1.04-.05-1.44-.46-.37-.38-.44-.85-.24-1.32.33-.77.71-1.52,1.09-2.27,1.23-2.39,2.55-4.73,3.68-7.16,1.48-3.19,2.27-6.62,3.14-10.03,1.17-4.62,1.48-9.31,1.39-14.04-.04-1.91-.04-3.82-.18-5.73-.23-3.02-1.04-5.91-2.16-8.72-1.58-3.94-3.99-7.27-7.09-10.17-2.54-2.37-5.43-4.18-8.51-5.73-4.8-2.42-9.91-3.73-15.21-4.38-2.31-.28-4.6-.09-6.89.15-3.53.37-6.98,1.14-10.36,2.19-3.78,1.18-7.26,3-10.5,5.28-2.5,1.76-4.82,3.69-6.69,6.13-2.39,3.14-3.85,6.69-4.71,10.53-.97,4.34-1.17,8.74-.92,13.17.25,4.26,1.01,8.43,2.58,12.41,2.48,6.26,6.72,10.85,12.85,13.7,4.96,2.3,10.18,3.24,15.61,3.05,4.22-.14,8.29-1.02,12.11-2.86,2.82-1.36,5.43-3.05,7.62-5.32,4.1-4.27,6.7-9.33,7.73-15.15.92-5.25.55-10.41-1.51-15.38-2.2-5.31-6.04-8.86-11.57-10.44-5.4-1.55-10.8-1.56-16.15.36-3.25,1.17-6.06,3.02-8.34,5.62-2.01,2.28-3.31,4.95-3.96,7.9-.97,4.36-.66,8.63,1.18,12.72,1.42,3.18,3.79,5.38,7.14,6.38,2.97.89,5.97.77,8.93-.11,2.12-.63,4.1-1.57,5.82-3,3.61-3,4.7-8.16,2.45-12.13-1.67-2.95-4.33-4.36-7.69-4.14-2.03.13-3.58,1.25-4.26,3.24-.67,1.96.53,4.11,2.63,4.33.54.06,1.1.05,1.64.04.44,0,.88-.07,1.33-.07.89-.02,1.45.47,1.55,1.32.09.73-.42,1.4-1.24,1.56-1.27.24-2.55.29-3.83.09-2.51-.41-4.52-2.35-4.98-4.86-.49-2.71.48-4.93,2.5-6.66,2-1.72,4.43-2.13,6.97-1.68,3.13.55,5.69,2.08,7.48,4.74,1.51,2.24,2.24,4.73,2.06,7.45-.31,4.77-2.64,8.29-6.69,10.71-3.3,1.97-6.92,2.87-10.74,2.86-3.88-.02-7.35-1.23-10.23-3.9-2.13-1.98-3.51-4.43-4.37-7.2-1.59-5.12-1.47-10.22.46-15.22,2.56-6.63,7.55-10.68,14.15-12.89,4.87-1.63,9.83-1.79,14.85-.73,2.65.56,5.16,1.47,7.46,2.89,3.46,2.13,6.03,5.05,7.74,8.75,2.27,4.92,3.02,10.1,2.55,15.45-.53,6.01-2.6,11.44-6.18,16.31-3.48,4.73-8.11,7.88-13.5,9.99-2.6,1.02-5.34,1.63-8.12,1.95-7.68.89-14.97-.37-21.75-4.12-4.32-2.39-7.77-5.76-10.27-10.02-1.87-3.19-3.09-6.66-3.84-10.29-.92-4.41-1.09-8.87-.97-13.36.11-3.92.77-7.74,1.98-11.46,1.48-4.56,3.99-8.44,7.54-11.67,5.27-4.8,11.42-7.96,18.27-9.73,3.68-.95,7.45-1.45,11.25-1.69,4.05-.25,7.96.44,11.84,1.47,4.98,1.33,9.67,3.31,13.9,6.27,6.73,4.71,11.3,10.95,13.25,19.02.56,2.34.92,4.7.91,7.11,0,1.16,0,2.32,0,3.48.03,0,.06,0,.09,0Z\"><\/path><\/svg>\t\t\t\t\t\t\t\t<\/div>\n\t\t\t\t\t\t\t<\/div>\n\t\t\t\t\t\t\n\t\t\t\t\t\t\t\t\t\t\t\t\t<h3 class=\"elementor-flip-box__layer__title\">\n\t\t\t\t\t\t\t\tConservaci\u00f3n de Tortugas Marinas en la Costa de Oaxaca\t\t\t\t\t\t\t<\/h3>\n\t\t\t\t\t\t\n\t\t\t\t\t\t\t\t\t\t\t\t\t<div class=\"elementor-flip-box__layer__description\">\n\t\t\t\t\t\t\t\tA 15 minutos de Puerto Escondido se encuentra VIVEMAR, una ONG que protege 27 km de costa donde anidan cuatro especies de tortugas marinas. Adem\u00e1s, lidera proyectos de reforestaci\u00f3n de manglares, educaci\u00f3n ambiental y ciencia ciudadana.\n\t\t\t\t\t\t\t<\/div>\n\t\t\t\t\t\t\t\t\t\t\t<\/div>\n\t\t\t\t<\/div>\n\t\t\t<\/div>\n\t\t\t<div class=\"elementor-flip-box__layer elementor-flip-box__back\">\n\t\t\t<div class=\"elementor-flip-box__layer__overlay\">\n\t\t\t\t<div class=\"elementor-flip-box__layer__inner\">\n\t\t\t\t\t\t\t\t\t\t\t<h3 class=\"elementor-flip-box__layer__title\">\n\t\t\t\t\t\t\t\u00bfQu\u00e9 har\u00e1s?\t\t\t\t\t\t<\/h3>\n\t\t\t\t\t\n\t\t\t\t\t\t\t\t\t\t\t<div class=\"elementor-flip-box__layer__description\">\n\t\t\t\t\t\t\tLimpieza de nidos y liberaci\u00f3n de tortuguitas al mar\nMonitoreo nocturno en cuatrimoto para localizar y proteger nidos\nActividades adicionales: huertos, observaci\u00f3n de aves, reforestaci\u00f3n, limpieza de playas y ecoturismo\t\t\t\t\t\t<\/div>\n\t\t\t\t\t\n\t\t\t\t\t\t\t\t\t\t\t<a class=\"elementor-flip-box__button elementor-button elementor-size-sm\">\n\t\t\t\t\t\t\t\u00bfQuieres unirte?\t\t\t\t\t\t<\/a>\n\t\t\t\t\t\t\t\t<\/div>\n\t\t<\/div>\n\t\t<\/div>\n\t\t<\/div>\n\t\t\t\t\t\t<\/div>\n\t\t\t\t<\/div>\n\t\t\t\t<div class=\"elementor-element elementor-element-8b50ce4 elementor-widget-divider--view-line elementor-widget elementor-widget-divider\" data-id=\"8b50ce4\" data-element_type=\"widget\" data-widget_type=\"divider.default\">\n\t\t\t\t<div class=\"elementor-widget-container\">\n\t\t\t\t\t\t\t<div class=\"elementor-divider\">\n\t\t\t<span class=\"elementor-divider-separator\">\n\t\t\t\t\t\t<\/span>\n\t\t<\/div>\n\t\t\t\t\t\t<\/div>\n\t\t\t\t<\/div>\n\t\t\t\t<div class=\"elementor-element elementor-element-dd308de elementor-widget elementor-widget-heading\" data-id=\"dd308de\" data-element_type=\"widget\" data-widget_type=\"heading.default\">\n\t\t\t\t<div class=\"elementor-widget-container\">\n\t\t\t\t\t<h2 class=\"elementor-heading-title elementor-size-default\">Dos formas de dar\u2026 y de recibir<\/h2>\t\t\t\t<\/div>\n\t\t\t\t<\/div>\n\t\t\t\t<div class=\"elementor-element elementor-element-e1f66e2 elementor-align-justify elementor-widget elementor-widget-button\" data-id=\"e1f66e2\" data-element_type=\"widget\" data-widget_type=\"button.default\">\n\t\t\t\t<div class=\"elementor-widget-container\">\n\t\t\t\t\t\t\t\t\t<div class=\"elementor-button-wrapper\">\n\t\t\t\t\t<a class=\"elementor-button elementor-button-link elementor-size-sm\" href=\"#\">\n\t\t\t\t\t\t<span class=\"elementor-button-content-wrapper\">\n\t\t\t\t\t\t\t\t\t<span class=\"elementor-button-text\">\u00bfEst\u00e1s listo para ser parte del cambio?<\/span>\n\t\t\t\t\t<\/span>\n\t\t\t\t\t<\/a>\n\t\t\t\t<\/div>\n\t\t\t\t\t\t\t\t<\/div>\n\t\t\t\t<\/div>\n\t\t\t\t<div class=\"elementor-element elementor-element-35f808d elementor-widget elementor-widget-text-editor\" data-id=\"35f808d\" data-element_type=\"widget\" data-widget_type=\"text-editor.default\">\n\t\t\t\t<div class=\"elementor-widget-container\">\n\t\t\t\t\t\t\t\t\t<p><span style=\"font-weight: 400;\">Ven a sembrar con nosotros. Escr\u00edbenos al correo<\/span><\/p>\t\t\t\t\t\t\t\t<\/div>\n\t\t\t\t<\/div>\n\t\t\t\t\t<\/div>\n\t\t\t\t<\/div>\n\t\t\t\t<\/div>","protected":false},"excerpt":{"rendered":"<p>VOLUNTARIADO Voluntariado Regenerativo en M\u00e9xico + Huella positiva Experiencias con sentido para quienes desean contribuir a un mundo m\u00e1s vivo En Malinali creemos que el voluntariado es mucho m\u00e1s que ofrecer ayuda: es un encuentro profundo contigo mismo, con otros pueblos y con la Tierra. Es una invitaci\u00f3n a bajar el ritmo, a estar presente [&hellip;]<\/p>","protected":false},"author":1,"featured_media":0,"parent":0,"menu_order":0,"comment_status":"closed","ping_status":"closed","template":"","meta":{"_jet_sm_ready_style":"","_jet_sm_style":"","_jet_sm_controls_values":"","_jet_sm_fonts_collection":"","_jet_sm_fonts_links":"","footnotes":""},"class_list":["post-8460","page","type-page","status-publish","hentry"],"_links":{"self":[{"href":"https:\/\/newsite.malinalitravel.com\/en\/wp-json\/wp\/v2\/pages\/8460","targetHints":{"allow":["GET"]}}],"collection":[{"href":"https:\/\/newsite.malinalitravel.com\/en\/wp-json\/wp\/v2\/pages"}],"about":[{"href":"https:\/\/newsite.malinalitravel.com\/en\/wp-json\/wp\/v2\/types\/page"}],"author":[{"embeddable":true,"href":"https:\/\/newsite.malinalitravel.com\/en\/wp-json\/wp\/v2\/users\/1"}],"replies":[{"embeddable":true,"href":"https:\/\/newsite.malinalitravel.com\/en\/wp-json\/wp\/v2\/comments?post=8460"}],"version-history":[{"count":17,"href":"https:\/\/newsite.malinalitravel.com\/en\/wp-json\/wp\/v2\/pages\/8460\/revisions"}],"predecessor-version":[{"id":8798,"href":"https:\/\/newsite.malinalitravel.com\/en\/wp-json\/wp\/v2\/pages\/8460\/revisions\/8798"}],"wp:attachment":[{"href":"https:\/\/newsite.malinalitravel.com\/en\/wp-json\/wp\/v2\/media?parent=8460"}],"curies":[{"name":"wp","href":"https:\/\/api.w.org\/{rel}","templated":true}]}}